{"id":23857,"date":"2024-09-30T20:27:18","date_gmt":"2024-09-30T18:27:18","guid":{"rendered":"https:\/\/hoffmann-xpress.de\/?page_id=23857"},"modified":"2024-09-30T20:44:24","modified_gmt":"2024-09-30T18:44:24","slug":"spedition-benelux","status":"publish","type":"page","link":"https:\/\/hoffmann-xpress.de\/en\/spedition-benelux\/","title":{"rendered":"Spedition Benelux"},"content":{"rendered":"<div data-elementor-type=\"wp-page\" data-elementor-id=\"23857\" class=\"elementor elementor-23857\" data-elementor-post-type=\"page\">\n\t\t\t\t<div class=\"elementor-element elementor-element-8e4475d e-flex e-con-boxed e-con e-parent\" data-id=\"8e4475d\" data-element_type=\"container\">\n\t\t\t\t\t<div class=\"e-con-inner\">\n\t\t\t\t<div class=\"elementor-element elementor-element-364f84d elementor-widget elementor-widget-text-editor\" data-id=\"364f84d\" data-element_type=\"widget\" data-widget_type=\"text-editor.default\">\n\t\t\t\t<div class=\"elementor-widget-container\">\n\t\t\t\t\t\t\t\t\t<h1><strong>Hoffmann Xpress GmbH: Zuverl\u00e4ssige Spedition in die Benelux-L\u00e4nder<\/strong><\/h1><p>Die Hoffmann Xpress GmbH steht seit Jahren f\u00fcr exzellente Logistikdienstleistungen und ma\u00dfgeschneiderte L\u00f6sungen im G\u00fcterverkehr. In einem Markt, in dem Verbindungen und effiziente Transporte zwischen den L\u00e4ndern von entscheidender Bedeutung sind, haben wir uns als verl\u00e4sslicher Partner f\u00fcr den Warenverkehr in die Benelux-L\u00e4nder etabliert. Besonders stolz sind wir auf unsere umfassenden Speditionsdienstleistungen in Belgien, den Niederlanden und Luxemburg, die Unternehmen aller Gr\u00f6\u00dfenordnungen unterst\u00fctzen.<\/p><p>\u00a0<\/p><h3>Warum die Benelux-L\u00e4nder?<\/h3><p>Die Benelux-L\u00e4nder, bestehend aus Belgien, den Niederlanden und Luxemburg, sind aufgrund ihrer strategischen Lage in Europa und ihrer hervorragenden Infrastruktur von zentraler Bedeutung f\u00fcr den internationalen Handel. Mit einigen der gr\u00f6\u00dften europ\u00e4ischen H\u00e4fen, gut ausgebauten Stra\u00dfennetzen und einem dynamischen Binnenmarkt bieten die Benelux-L\u00e4nder optimale Bedingungen f\u00fcr den G\u00fctertransport.<\/p><p>Dennoch gibt es innerhalb der Benelux-Region regionale Unterschiede in Bezug auf Logistikanforderungen und Vorschriften. Hier kommt die Hoffmann Xpress GmbH ins Spiel. Mit unserer langj\u00e4hrigen Erfahrung und unserem tiefen Verst\u00e4ndnis f\u00fcr die Logistiklandschaft bieten wir unseren Kunden ma\u00dfgeschneiderte L\u00f6sungen f\u00fcr den G\u00fcterverkehr, die Effizienz und Zuverl\u00e4ssigkeit garantieren.<\/p><p>\u00a0<\/p><h3>Unsere Speditionsdienstleistungen in die Benelux-L\u00e4nder<\/h3><p>Die Hoffmann Xpress GmbH bietet eine breite Palette an Dienstleistungen, die speziell auf die Bed\u00fcrfnisse unserer Kunden zugeschnitten sind, die Waren in die Benelux-L\u00e4nder transportieren m\u00f6chten. Diese Dienstleistungen umfassen:<\/p><ol><li><p><strong>Stra\u00dfentransport:<\/strong><\/p><ul><li>Mit einem modernen Fuhrpark und erfahrenen Fahrern bieten wir zuverl\u00e4ssige Lkw-Transporte in die Benelux-L\u00e4nder an. Unsere Routen sind optimiert, um eine schnelle und sichere Lieferung zu gew\u00e4hrleisten. Egal, ob es sich um Komplettladungen (FTL) oder Teilladungen (LTL) handelt, wir finden die optimale L\u00f6sung f\u00fcr Ihre Bed\u00fcrfnisse.<\/li><\/ul><\/li><li><p><strong>Schienentransport:<\/strong><\/p><ul><li>F\u00fcr gr\u00f6\u00dfere Volumina oder spezielle Frachtarten bieten wir umweltfreundliche und kosteneffiziente Schienentransporte in die Benelux-Region an. Diese L\u00f6sung eignet sich besonders f\u00fcr den Masseng\u00fctertransport. Wir koordinieren den gesamten Transportprozess und k\u00fcmmern uns um alle administrativen Anforderungen.<\/li><\/ul><\/li><li><p><strong>Seefracht:<\/strong><\/p><ul><li>Dank unserer guten Beziehungen zu den gro\u00dfen H\u00e4fen in Rotterdam und Antwerpen bieten wir auch Seefrachtl\u00f6sungen f\u00fcr den Transport von Waren in die Benelux-L\u00e4nder an. Unser Team \u00fcbernimmt die Ladungsplanung, Dokumentation und Koordination mit den relevanten H\u00e4fen.<\/li><\/ul><\/li><li><p><strong>Luftfracht:<\/strong><\/p><ul><li>F\u00fcr besonders dringende Sendungen oder wertvolle G\u00fcter bieten wir Luftfrachtl\u00f6sungen an. Unsere schnellen und effizienten Luftfrachtservices gew\u00e4hrleisten, dass Ihre Waren sicher und p\u00fcnktlich an ihrem Bestimmungsort in der Benelux-Region ankommen.<\/li><\/ul><\/li><li><p><strong>Zollabwicklung und Dokumentation:<\/strong><\/p><ul><li>Auch in der Benelux-Region gibt es spezifische rechtliche und administrative Anforderungen beim G\u00fcterverkehr. Unser Team von Experten \u00fcbernimmt die vollst\u00e4ndige Abwicklung aller notwendigen Formalit\u00e4ten, sodass Ihre Waren reibungslos ihr Ziel erreichen.<\/li><\/ul><\/li><li><p><strong>Lagerung und Distribution:<\/strong><\/p><ul><li>Neben dem Transport bieten wir auch umfassende Lager- und Distributionsl\u00f6sungen in den Benelux-L\u00e4ndern an. Wir verf\u00fcgen \u00fcber moderne Lagerh\u00e4user in strategischen Regionen, die den h\u00f6chsten Sicherheits- und Hygienestandards entsprechen.<\/li><\/ul><\/li><\/ol>\t\t\t\t\t\t\t\t<\/div>\n\t\t\t\t<\/div>\n\t\t\t\t\t<\/div>\n\t\t\t\t<\/div>\n\t\t<div class=\"elementor-element elementor-element-a815ca8 e-flex e-con-boxed e-con e-parent\" data-id=\"a815ca8\" data-element_type=\"container\">\n\t\t\t\t\t<div class=\"e-con-inner\">\n\t\t\t\t<div class=\"elementor-element elementor-element-b0febee elementor-widget elementor-widget-button\" data-id=\"b0febee\" data-element_type=\"widget\" data-widget_type=\"button.default\">\n\t\t\t\t<div class=\"elementor-widget-container\">\n\t\t\t\t\t\t\t\t\t<div class=\"elementor-button-wrapper\">\n\t\t\t\t\t<a class=\"elementor-button elementor-button-link elementor-size-lg elementor-animation-grow\" href=\"#\">\n\t\t\t\t\t\t<span class=\"elementor-button-content-wrapper\">\n\t\t\t\t\t\t\t\t\t<span class=\"elementor-button-text\">ONLINE PREIS KALKULIEREN UND BUCHEN<\/span>\n\t\t\t\t\t<\/span>\n\t\t\t\t\t<\/a>\n\t\t\t\t<\/div>\n\t\t\t\t\t\t\t\t<\/div>\n\t\t\t\t<\/div>\n\t\t\t\t\t<\/div>\n\t\t\t\t<\/div>\n\t\t<div class=\"elementor-element elementor-element-5dceac0 e-flex e-con-boxed e-con e-parent\" data-id=\"5dceac0\" data-element_type=\"container\" data-settings=\"{&quot;background_background&quot;:&quot;classic&quot;}\">\n\t\t\t\t\t<div class=\"e-con-inner\">\n\t\t\t\t<div class=\"elementor-element elementor-element-b2a9aa7 elementor-widget elementor-widget-heading\" data-id=\"b2a9aa7\" data-element_type=\"widget\" data-widget_type=\"heading.default\">\n\t\t\t\t<div class=\"elementor-widget-container\">\n\t\t\t\t\t<h2 class=\"elementor-heading-title elementor-size-default\">\u00dcber 7.000 zufriedene Unternehmen vertrauen uns bereits<\/h2>\t\t\t\t<\/div>\n\t\t\t\t<\/div>\n\t\t\t\t<div class=\"elementor-element elementor-element-6fbe790 elementor-widget elementor-widget-image-carousel\" data-id=\"6fbe790\" data-element_type=\"widget\" data-settings=\"{&quot;slides_to_show&quot;:&quot;4&quot;,&quot;slides_to_scroll&quot;:&quot;1&quot;,&quot;navigation&quot;:&quot;none&quot;,&quot;pause_on_hover&quot;:&quot;no&quot;,&quot;pause_on_interaction&quot;:&quot;no&quot;,&quot;autoplay_speed&quot;:0,&quot;speed&quot;:5000,&quot;autoplay&quot;:&quot;yes&quot;,&quot;infinite&quot;:&quot;yes&quot;}\" data-widget_type=\"image-carousel.default\">\n\t\t\t\t<div class=\"elementor-widget-container\">\n\t\t\t\t\t\t\t<div class=\"elementor-image-carousel-wrapper swiper\" role=\"region\" aria-roledescription=\"carousel\" aria-label=\"Image Carousel\" dir=\"ltr\">\n\t\t\t<div class=\"elementor-image-carousel swiper-wrapper\" aria-live=\"off\">\n\t\t\t\t\t\t\t\t<div class=\"swiper-slide\" role=\"group\" aria-roledescription=\"slide\" aria-label=\"1 of 6\" data-no-translation-aria-label=\"\"><figure class=\"swiper-slide-inner\"><img decoding=\"async\" class=\"swiper-slide-image\" src=\"https:\/\/hoffmann-xpress.de\/wp-content\/uploads\/2023\/11\/Audi.png\" alt=\"Audi\" \/><\/figure><\/div><div class=\"swiper-slide\" role=\"group\" aria-roledescription=\"slide\" aria-label=\"2 of 6\" data-no-translation-aria-label=\"\"><figure class=\"swiper-slide-inner\"><img decoding=\"async\" class=\"swiper-slide-image\" src=\"https:\/\/hoffmann-xpress.de\/wp-content\/uploads\/2023\/11\/Nespresso.png\" alt=\"Nespresso\" \/><\/figure><\/div><div class=\"swiper-slide\" role=\"group\" aria-roledescription=\"slide\" aria-label=\"3 of 6\" data-no-translation-aria-label=\"\"><figure class=\"swiper-slide-inner\"><img decoding=\"async\" class=\"swiper-slide-image\" src=\"https:\/\/hoffmann-xpress.de\/wp-content\/uploads\/2023\/11\/Bosch.png\" alt=\"Bosch\" \/><\/figure><\/div><div class=\"swiper-slide\" role=\"group\" aria-roledescription=\"slide\" aria-label=\"4 of 6\" data-no-translation-aria-label=\"\"><figure class=\"swiper-slide-inner\"><img decoding=\"async\" class=\"swiper-slide-image\" src=\"https:\/\/hoffmann-xpress.de\/wp-content\/uploads\/2023\/11\/RB_Leipzig.png\" alt=\"RB_Leipzig\" \/><\/figure><\/div><div class=\"swiper-slide\" role=\"group\" aria-roledescription=\"slide\" aria-label=\"5 of 6\" data-no-translation-aria-label=\"\"><figure class=\"swiper-slide-inner\"><img decoding=\"async\" class=\"swiper-slide-image\" src=\"https:\/\/hoffmann-xpress.de\/wp-content\/uploads\/2023\/11\/MAN-1.png\" alt=\"MAN\" \/><\/figure><\/div><div class=\"swiper-slide\" role=\"group\" aria-roledescription=\"slide\" aria-label=\"6 of 6\" data-no-translation-aria-label=\"\"><figure class=\"swiper-slide-inner\"><img decoding=\"async\" class=\"swiper-slide-image\" src=\"https:\/\/hoffmann-xpress.de\/wp-content\/uploads\/2023\/11\/Magna-1.png\" alt=\"Magna\" \/><\/figure><\/div>\t\t\t<\/div>\n\t\t\t\t\t\t\t\n\t\t\t\t\t\t\t\t\t<\/div>\n\t\t\t\t\t\t<\/div>\n\t\t\t\t<\/div>\n\t\t\t\t\t<\/div>\n\t\t\t\t<\/div>\n\t\t<div class=\"elementor-element elementor-element-f45195b e-flex e-con-boxed e-con e-parent\" data-id=\"f45195b\" data-element_type=\"container\">\n\t\t\t\t\t<div class=\"e-con-inner\">\n\t\t\t\t<div class=\"elementor-element elementor-element-312ba0a elementor-widget elementor-widget-text-editor\" data-id=\"312ba0a\" data-element_type=\"widget\" data-widget_type=\"text-editor.default\">\n\t\t\t\t<div class=\"elementor-widget-container\">\n\t\t\t\t\t\t\t\t\t<h3>Warum Hoffmann Xpress GmbH f\u00fcr Transporte in die Benelux-L\u00e4nder?<\/h3><p>Es gibt viele Gr\u00fcnde, warum die Hoffmann Xpress GmbH Ihr bevorzugter Partner f\u00fcr Speditionsdienstleistungen in die Benelux-L\u00e4nder sein sollte:<\/p><ol><li><p><strong>Erfahrung und Expertise: <\/strong>Wir verf\u00fcgen \u00fcber jahrzehntelange Erfahrung im internationalen Transportgesch\u00e4ft. Unser Team kennt die spezifischen Anforderungen und Herausforderungen der Logistiklandschaft in Belgien, den Niederlanden und Luxemburg genau und wei\u00df, wie man sie meistert.<\/p><\/li><li><p><strong>Zuverl\u00e4ssigkeit und Sicherheit: <\/strong>Sicherheit hat f\u00fcr uns oberste Priorit\u00e4t. Wir setzen modernste Technologien und Sicherheitsstandards ein, um sicherzustellen, dass Ihre Waren sicher und unversehrt ihr Ziel erreichen.<\/p><\/li><li><p><strong>Flexibilit\u00e4t und Kundenn\u00e4he: <\/strong>Wir verstehen, dass jeder Kunde einzigartige Anforderungen hat. Deshalb bieten wir ma\u00dfgeschneiderte L\u00f6sungen, die genau auf Ihre Bed\u00fcrfnisse zugeschnitten sind. Unser engagiertes Team steht Ihnen jederzeit zur Verf\u00fcgung, um Ihre Fragen zu beantworten und sicherzustellen, dass der Transportprozess reibungslos verl\u00e4uft.<\/p><\/li><li><p><strong>Effizienz und Kostenkontrolle: <\/strong>Durch optimierte Prozesse und starke Partnerschaften k\u00f6nnen wir Ihnen effiziente und kosteng\u00fcnstige Speditionsl\u00f6sungen bieten. Wir helfen Ihnen, Ihre Logistikkosten zu senken, ohne dabei Kompromisse bei der Qualit\u00e4t einzugehen.<\/p><\/li><\/ol><p>\u00a0<\/p><h3>Herausforderungen im Transport in die Benelux-L\u00e4nder<\/h3><p>Auch wenn die Benelux-L\u00e4nder \u00fcber eine exzellente Infrastruktur verf\u00fcgen, gibt es bestimmte Herausforderungen im internationalen G\u00fcterverkehr, die ber\u00fccksichtigt werden m\u00fcssen:<\/p><ul><li><p><strong>Grenz\u00fcberschreitende Vorschriften:<\/strong><\/p><ul><li>Der Transport von Waren zwischen verschiedenen L\u00e4ndern erfordert die Einhaltung spezifischer Vorschriften und Regelungen. Unser Team sorgt daf\u00fcr, dass alle relevanten Vorschriften eingehalten werden, um Verz\u00f6gerungen oder zus\u00e4tzliche Kosten zu vermeiden.<\/li><\/ul><\/li><\/ul><p>\u00a0<\/p><ul><li><p><strong>Verkehrsdichte:<\/strong><\/p><ul><li>Die Benelux-L\u00e4nder geh\u00f6ren zu den wirtschaftlich aktivsten Regionen Europas, was zu hoher Verkehrsbelastung f\u00fchren kann. Wir nutzen moderne Technologien zur Routenoptimierung, um Staus zu umgehen und Verz\u00f6gerungen zu minimieren.<\/li><\/ul><\/li><\/ul><p>\u00a0<\/p><h3>Zukunftsorientierte Logistikl\u00f6sungen<\/h3><p>Die Hoffmann Xpress GmbH ist bestrebt, ihre Dienstleistungen kontinuierlich weiterzuentwickeln und an die sich \u00e4ndernden Marktbedingungen in den Benelux-L\u00e4ndern anzupassen. Wir investieren in moderne Technologien, um unsere Prozesse zu optimieren und Ihnen noch effizientere und umweltfreundlichere Transportl\u00f6sungen anzubieten.<\/p><p>\u00a0<\/p><h3>Fazit<\/h3><p>Die Hoffmann Xpress GmbH bietet Ihnen zuverl\u00e4ssige, flexible und sichere Speditionsl\u00f6sungen f\u00fcr den Warenverkehr in die Benelux-L\u00e4nder. Mit unserer langj\u00e4hrigen Erfahrung und unserem engagierten Team stehen wir Ihnen als starker Partner zur Seite, der Ihre Logistikbed\u00fcrfnisse versteht und ma\u00dfgeschneiderte L\u00f6sungen entwickelt. Vertrauen Sie auf unsere Expertise und lassen Sie uns gemeinsam den Erfolg Ihrer Gesch\u00e4ftst\u00e4tigkeit in Belgien, den Niederlanden und Luxemburg sicherstellen.<\/p><p>Kontaktieren Sie uns noch heute, um mehr \u00fcber unsere Dienstleistungen zu erfahren und wie wir Ihnen helfen k\u00f6nnen, Ihre Waren sicher und effizient in die Benelux-L\u00e4nder zu transportieren.<\/p>\t\t\t\t\t\t\t\t<\/div>\n\t\t\t\t<\/div>\n\t\t\t\t\t<\/div>\n\t\t\t\t<\/div>\n\t\t<div class=\"elementor-element elementor-element-b4e45d3 e-flex e-con-boxed e-con e-parent\" data-id=\"b4e45d3\" data-element_type=\"container\">\n\t\t\t\t\t<div class=\"e-con-inner\">\n\t\t\t\t<div class=\"elementor-element elementor-element-a9d506e elementor-widget elementor-widget-button\" data-id=\"a9d506e\" data-element_type=\"widget\" data-widget_type=\"button.default\">\n\t\t\t\t<div class=\"elementor-widget-container\">\n\t\t\t\t\t\t\t\t\t<div class=\"elementor-button-wrapper\">\n\t\t\t\t\t<a class=\"elementor-button elementor-button-link elementor-size-lg elementor-animation-grow\" href=\"#\">\n\t\t\t\t\t\t<span class=\"elementor-button-content-wrapper\">\n\t\t\t\t\t\t\t\t\t<span class=\"elementor-button-text\">ONLINE PREIS KALKULIEREN UND BUCHEN<\/span>\n\t\t\t\t\t<\/span>\n\t\t\t\t\t<\/a>\n\t\t\t\t<\/div>\n\t\t\t\t\t\t\t\t<\/div>\n\t\t\t\t<\/div>\n\t\t\t\t\t<\/div>\n\t\t\t\t<\/div>\n\t\t<div class=\"elementor-element elementor-element-fd752b6 e-flex e-con-boxed e-con e-parent\" data-id=\"fd752b6\" data-element_type=\"container\">\n\t\t\t\t\t<div class=\"e-con-inner\">\n\t\t\t\t<div class=\"elementor-element elementor-element-ab0e153 elementor-widget elementor-widget-image\" data-id=\"ab0e153\" data-element_type=\"widget\" data-widget_type=\"image.default\">\n\t\t\t\t<div class=\"elementor-widget-container\">\n\t\t\t\t\t\t\t\t\t\t\t\t\t\t\t<img fetchpriority=\"high\" decoding=\"async\" width=\"768\" height=\"512\" src=\"https:\/\/hoffmann-xpress.de\/wp-content\/uploads\/2024\/09\/rotterdam-netherlands-skyline-2023-11-27-04-55-08-utc-768x512.jpg\" class=\"attachment-medium_large size-medium_large wp-image-23880\" alt=\"Rotterdam, Skyline\" srcset=\"https:\/\/hoffmann-xpress.de\/wp-content\/uploads\/2024\/09\/rotterdam-netherlands-skyline-2023-11-27-04-55-08-utc-768x512.jpg 768w, https:\/\/hoffmann-xpress.de\/wp-content\/uploads\/2024\/09\/rotterdam-netherlands-skyline-2023-11-27-04-55-08-utc-300x200.jpg 300w, https:\/\/hoffmann-xpress.de\/wp-content\/uploads\/2024\/09\/rotterdam-netherlands-skyline-2023-11-27-04-55-08-utc-1024x683.jpg 1024w, https:\/\/hoffmann-xpress.de\/wp-content\/uploads\/2024\/09\/rotterdam-netherlands-skyline-2023-11-27-04-55-08-utc-1536x1024.jpg 1536w, https:\/\/hoffmann-xpress.de\/wp-content\/uploads\/2024\/09\/rotterdam-netherlands-skyline-2023-11-27-04-55-08-utc-2048x1365.jpg 2048w, https:\/\/hoffmann-xpress.de\/wp-content\/uploads\/2024\/09\/rotterdam-netherlands-skyline-2023-11-27-04-55-08-utc-18x12.jpg 18w, https:\/\/hoffmann-xpress.de\/wp-content\/uploads\/2024\/09\/rotterdam-netherlands-skyline-2023-11-27-04-55-08-utc-460x306.jpg 460w, https:\/\/hoffmann-xpress.de\/wp-content\/uploads\/2024\/09\/rotterdam-netherlands-skyline-2023-11-27-04-55-08-utc-800x533.jpg 800w, https:\/\/hoffmann-xpress.de\/wp-content\/uploads\/2024\/09\/rotterdam-netherlands-skyline-2023-11-27-04-55-08-utc-600x400.jpg 600w, https:\/\/hoffmann-xpress.de\/wp-content\/uploads\/2024\/09\/rotterdam-netherlands-skyline-2023-11-27-04-55-08-utc-scaled-e1727721845770.jpg 700w\" sizes=\"(max-width: 768px) 100vw, 768px\" \/>\t\t\t\t\t\t\t\t\t\t\t\t\t\t\t<\/div>\n\t\t\t\t<\/div>\n\t\t\t\t\t<\/div>\n\t\t\t\t<\/div>\n\t\t<div class=\"elementor-element elementor-element-06cc29c e-flex e-con-boxed e-con e-parent\" data-id=\"06cc29c\" data-element_type=\"container\" data-settings=\"{&quot;background_background&quot;:&quot;classic&quot;}\">\n\t\t\t\t\t<div class=\"e-con-inner\">\n\t\t<div class=\"elementor-element elementor-element-7ce1315 e-con-full e-flex e-con e-child\" data-id=\"7ce1315\" data-element_type=\"container\">\n\t\t\t\t<div class=\"elementor-element elementor-element-6eda702 elementor-widget elementor-widget-image\" data-id=\"6eda702\" data-element_type=\"widget\" data-widget_type=\"image.default\">\n\t\t\t\t<div class=\"elementor-widget-container\">\n\t\t\t\t\t\t\t\t\t\t\t\t\t\t\t<img decoding=\"async\" width=\"300\" height=\"162\" src=\"https:\/\/hoffmann-xpress.de\/wp-content\/uploads\/2023\/11\/Gothaer-Logo.png\" class=\"attachment-large size-large wp-image-207\" alt=\"Gothaer Logo\" \/>\t\t\t\t\t\t\t\t\t\t\t\t\t\t\t<\/div>\n\t\t\t\t<\/div>\n\t\t\t\t<\/div>\n\t\t<div class=\"elementor-element elementor-element-231fc66 e-con-full e-flex e-con e-child\" data-id=\"231fc66\" data-element_type=\"container\">\n\t\t\t\t<div class=\"elementor-element elementor-element-999d9ba elementor-widget elementor-widget-heading\" data-id=\"999d9ba\" data-element_type=\"widget\" data-widget_type=\"heading.default\">\n\t\t\t\t<div class=\"elementor-widget-container\">\n\t\t\t\t\t<h1 class=\"elementor-heading-title elementor-size-default\">Ihr Transport ist versichert<\/h1>\t\t\t\t<\/div>\n\t\t\t\t<\/div>\n\t\t\t\t<div class=\"elementor-element elementor-element-6d599da elementor-widget elementor-widget-text-editor\" data-id=\"6d599da\" data-element_type=\"widget\" data-widget_type=\"text-editor.default\">\n\t\t\t\t<div class=\"elementor-widget-container\">\n\t\t\t\t\t\t\t\t\t<p>Jede Sendung ist f\u00fcr jeweils bis zu 8,33 SZR\/kg Rohgewicht versichert. Dies entspricht etwa 10,- EUR\/kg Rohgewicht. Je nach Schadensfall sind bei einer Direktfahrt bis zu 2.500.000 EUR abgedeckt. Bei h\u00f6herwertigen Transportg\u00fctern sind wir in der Lage, innerhalb kurzer Zeit eine entsprechende Zusatzversicherung abzuschlie\u00dfen.<\/p>\t\t\t\t\t\t\t\t<\/div>\n\t\t\t\t<\/div>\n\t\t\t\t<\/div>\n\t\t\t\t\t<\/div>\n\t\t\t\t<\/div>\n\t\t\t\t<\/div>","protected":false},"excerpt":{"rendered":"<p>Hoffmann Xpress GmbH: Zuverl\u00e4ssige Spedition in die Benelux-L\u00e4nder Die Hoffmann Xpress GmbH steht seit Jahren f\u00fcr exzellente Logistikdienstleistungen und ma\u00dfgeschneiderte L\u00f6sungen im G\u00fcterverkehr. In einem Markt, in dem Verbindungen und effiziente Transporte zwischen den L\u00e4ndern von entscheidender Bedeutung sind, haben wir uns als verl\u00e4sslicher Partner f\u00fcr den Warenverkehr in die Benelux-L\u00e4nder etabliert. Besonders stolz sind [&hellip;]<\/p>","protected":false},"author":1,"featured_media":0,"parent":0,"menu_order":0,"comment_status":"closed","ping_status":"closed","template":"","meta":{"footnotes":""},"class_list":["post-23857","page","type-page","status-publish","hentry"],"_links":{"self":[{"href":"https:\/\/hoffmann-xpress.de\/en\/wp-json\/wp\/v2\/pages\/23857","targetHints":{"allow":["GET"]}}],"collection":[{"href":"https:\/\/hoffmann-xpress.de\/en\/wp-json\/wp\/v2\/pages"}],"about":[{"href":"https:\/\/hoffmann-xpress.de\/en\/wp-json\/wp\/v2\/types\/page"}],"author":[{"embeddable":true,"href":"https:\/\/hoffmann-xpress.de\/en\/wp-json\/wp\/v2\/users\/1"}],"replies":[{"embeddable":true,"href":"https:\/\/hoffmann-xpress.de\/en\/wp-json\/wp\/v2\/comments?post=23857"}],"version-history":[{"count":11,"href":"https:\/\/hoffmann-xpress.de\/en\/wp-json\/wp\/v2\/pages\/23857\/revisions"}],"predecessor-version":[{"id":23963,"href":"https:\/\/hoffmann-xpress.de\/en\/wp-json\/wp\/v2\/pages\/23857\/revisions\/23963"}],"wp:attachment":[{"href":"https:\/\/hoffmann-xpress.de\/en\/wp-json\/wp\/v2\/media?parent=23857"}],"curies":[{"name":"wp","href":"https:\/\/api.w.org\/{rel}","templated":true}]}}