{"id":23733,"date":"2024-08-28T13:56:39","date_gmt":"2024-08-28T11:56:39","guid":{"rendered":"https:\/\/hoffmann-xpress.de\/?page_id=23733"},"modified":"2024-08-28T14:02:56","modified_gmt":"2024-08-28T12:02:56","slug":"spedition-ukraine","status":"publish","type":"page","link":"https:\/\/hoffmann-xpress.de\/en\/spedition-ukraine\/","title":{"rendered":"Spedition Ukraine"},"content":{"rendered":"<div data-elementor-type=\"wp-page\" data-elementor-id=\"23733\" class=\"elementor elementor-23733\" data-elementor-post-type=\"page\">\n\t\t\t\t<div class=\"elementor-element elementor-element-8e4475d e-flex e-con-boxed e-con e-parent\" data-id=\"8e4475d\" data-element_type=\"container\">\n\t\t\t\t\t<div class=\"e-con-inner\">\n\t\t\t\t<div class=\"elementor-element elementor-element-364f84d elementor-widget elementor-widget-text-editor\" data-id=\"364f84d\" data-element_type=\"widget\" data-widget_type=\"text-editor.default\">\n\t\t\t\t<div class=\"elementor-widget-container\">\n\t\t\t\t\t\t\t\t\t<h1>Hoffmann Xpress GmbH: Zuverl\u00e4ssige Spedition in die Ukraine<\/h1><p>Die Hoffmann Xpress GmbH steht seit Jahren f\u00fcr exzellente Logistikdienstleistungen und ma\u00dfgeschneiderte L\u00f6sungen im internationalen G\u00fcterverkehr. In einem globalisierten Markt, in dem Verbindungen und Handelsbeziehungen \u00fcber L\u00e4ndergrenzen hinweg von entscheidender Bedeutung sind, haben wir uns als verl\u00e4sslicher Partner f\u00fcr den Transport von Waren etabliert. Besonders stolz sind wir auf unsere umfassenden Speditionsdienstleistungen in die Ukraine, einem wichtigen Markt und einem Tor zu den L\u00e4ndern Osteuropas und Asiens.<\/p><p>\u00a0<\/p><h3>Warum die Ukraine?<\/h3><p>Die Ukraine ist ein strategisch wichtiger Knotenpunkt f\u00fcr den Warenverkehr zwischen Europa und Asien. Aufgrund ihrer geographischen Lage, ihrer wachsenden Wirtschaft und der zunehmenden Handelsaktivit\u00e4ten hat die Ukraine f\u00fcr viele Unternehmen in Westeuropa an Bedeutung gewonnen. Die N\u00e4he zu wichtigen M\u00e4rkten, die Anbindung an gro\u00dfe Seeh\u00e4fen und ein zunehmend attraktiver Binnenmarkt machen die Ukraine zu einem spannenden Ziel f\u00fcr den G\u00fctertransport.<\/p><p>F\u00fcr viele Unternehmen ist der Markteintritt oder die Erweiterung der Gesch\u00e4ftsaktivit\u00e4ten in der Ukraine jedoch mit Herausforderungen verbunden. Hier kommt die Hoffmann Xpress GmbH ins Spiel. Mit unserer langj\u00e4hrigen Erfahrung und unserem tiefen Verst\u00e4ndnis f\u00fcr die speziellen Anforderungen dieses Marktes bieten wir unseren Kunden ma\u00dfgeschneiderte Logistikl\u00f6sungen, die den Erfolg ihrer Gesch\u00e4ftst\u00e4tigkeit in der Ukraine sicherstellen.<\/p><p>\u00a0<\/p><h3>Unsere Speditionsdienstleistungen f\u00fcr die Ukraine<\/h3><p>Die Hoffmann Xpress GmbH bietet eine breite Palette an Dienstleistungen, die speziell auf die Bed\u00fcrfnisse unserer Kunden zugeschnitten sind, die Waren in die Ukraine transportieren m\u00f6chten. Diese Dienstleistungen umfassen:<\/p><ol><li><p><strong>Stra\u00dfentransport<\/strong>: Mit einem modernen Fuhrpark und erfahrenen Fahrern bieten wir zuverl\u00e4ssige Lkw-Transporte in die Ukraine. Unsere Routen sind optimiert, um eine schnelle und sichere Lieferung zu gew\u00e4hrleisten. Egal ob es sich um Komplettladungen (FTL) oder Teilladungen (LTL) handelt, wir finden die optimale L\u00f6sung f\u00fcr Ihre Bed\u00fcrfnisse.<\/p><\/li><li><p><strong>Schienentransport<\/strong>: F\u00fcr gr\u00f6\u00dfere Volumina oder spezielle Frachtarten bieten wir Schienentransporte in die Ukraine an. Diese umweltfreundliche und kosteneffiziente Transportl\u00f6sung ist besonders f\u00fcr den Masseng\u00fctertransport geeignet. Wir koordinieren den gesamten Transportprozess, inklusive der Einhaltung von Zollvorschriften und anderen administrativen Anforderungen.<\/p><\/li><li><p><strong>Seefracht<\/strong>: Dank unserer guten Beziehungen zu gro\u00dfen Seeh\u00e4fen und Reedereien bieten wir auch Seefrachtl\u00f6sungen f\u00fcr den Transport von Waren in die Ukraine an. Unser Team k\u00fcmmert sich um alle Aspekte des Seefrachttransports, von der Ladungsplanung \u00fcber die Dokumentation bis hin zur Koordination mit den Zielh\u00e4fen in der Ukraine.<\/p><\/li><li><p><strong>Luftfracht<\/strong>: F\u00fcr besonders dringende Sendungen oder wertvolle G\u00fcter bieten wir auch Luftfrachtl\u00f6sungen an. Unsere schnellen und effizienten Luftfrachtservices garantieren, dass Ihre Waren sicher und p\u00fcnktlich an ihrem Bestimmungsort in der Ukraine ankommen.<\/p><\/li><li><p><strong>Zollabwicklung und Dokumentation<\/strong>: Der internationale Warenverkehr erfordert eine gr\u00fcndliche und fehlerfreie Zollabwicklung. Unser Team von Experten \u00fcbernimmt die vollst\u00e4ndige Abwicklung aller Zollformalit\u00e4ten, sodass Ihre Waren reibungslos in die Ukraine gelangen. Wir sorgen daf\u00fcr, dass alle erforderlichen Dokumente korrekt ausgef\u00fcllt und rechtzeitig eingereicht werden, um Verz\u00f6gerungen zu vermeiden.<\/p><\/li><li><p><strong>Lagerung und Distribution<\/strong>: Neben dem Transport bieten wir auch umfassende Lager- und Distributionsl\u00f6sungen in der Ukraine an. Wir verf\u00fcgen \u00fcber moderne Lagerh\u00e4user, die den h\u00f6chsten Sicherheits- und Hygienestandards entsprechen. Von dort aus k\u00f6nnen wir Ihre Waren effizient an ihre Endbestimmungsorte in der Ukraine verteilen.<\/p><\/li><\/ol>\t\t\t\t\t\t\t\t<\/div>\n\t\t\t\t<\/div>\n\t\t\t\t\t<\/div>\n\t\t\t\t<\/div>\n\t\t<div class=\"elementor-element elementor-element-a815ca8 e-flex e-con-boxed e-con e-parent\" data-id=\"a815ca8\" data-element_type=\"container\">\n\t\t\t\t\t<div class=\"e-con-inner\">\n\t\t\t\t<div class=\"elementor-element elementor-element-b0febee elementor-widget elementor-widget-button\" data-id=\"b0febee\" data-element_type=\"widget\" data-widget_type=\"button.default\">\n\t\t\t\t<div class=\"elementor-widget-container\">\n\t\t\t\t\t\t\t\t\t<div class=\"elementor-button-wrapper\">\n\t\t\t\t\t<a class=\"elementor-button elementor-button-link elementor-size-lg elementor-animation-grow\" href=\"#\">\n\t\t\t\t\t\t<span class=\"elementor-button-content-wrapper\">\n\t\t\t\t\t\t\t\t\t<span class=\"elementor-button-text\">ONLINE PREIS KALKULIEREN UND BUCHEN<\/span>\n\t\t\t\t\t<\/span>\n\t\t\t\t\t<\/a>\n\t\t\t\t<\/div>\n\t\t\t\t\t\t\t\t<\/div>\n\t\t\t\t<\/div>\n\t\t\t\t\t<\/div>\n\t\t\t\t<\/div>\n\t\t<div class=\"elementor-element elementor-element-5dceac0 e-flex e-con-boxed e-con e-parent\" data-id=\"5dceac0\" data-element_type=\"container\" data-settings=\"{&quot;background_background&quot;:&quot;classic&quot;}\">\n\t\t\t\t\t<div class=\"e-con-inner\">\n\t\t\t\t<div class=\"elementor-element elementor-element-b2a9aa7 elementor-widget elementor-widget-heading\" data-id=\"b2a9aa7\" data-element_type=\"widget\" data-widget_type=\"heading.default\">\n\t\t\t\t<div class=\"elementor-widget-container\">\n\t\t\t\t\t<h2 class=\"elementor-heading-title elementor-size-default\">\u00dcber 7.000 zufriedene Unternehmen vertrauen uns bereits<\/h2>\t\t\t\t<\/div>\n\t\t\t\t<\/div>\n\t\t\t\t<div class=\"elementor-element elementor-element-6fbe790 elementor-widget elementor-widget-image-carousel\" data-id=\"6fbe790\" data-element_type=\"widget\" data-settings=\"{&quot;slides_to_show&quot;:&quot;4&quot;,&quot;slides_to_scroll&quot;:&quot;1&quot;,&quot;navigation&quot;:&quot;none&quot;,&quot;pause_on_hover&quot;:&quot;no&quot;,&quot;pause_on_interaction&quot;:&quot;no&quot;,&quot;autoplay_speed&quot;:0,&quot;speed&quot;:5000,&quot;autoplay&quot;:&quot;yes&quot;,&quot;infinite&quot;:&quot;yes&quot;}\" data-widget_type=\"image-carousel.default\">\n\t\t\t\t<div class=\"elementor-widget-container\">\n\t\t\t\t\t\t\t<div class=\"elementor-image-carousel-wrapper swiper\" role=\"region\" aria-roledescription=\"carousel\" aria-label=\"Bild Karussell\" dir=\"ltr\">\n\t\t\t<div class=\"elementor-image-carousel swiper-wrapper\" aria-live=\"off\">\n\t\t\t\t\t\t\t\t<div class=\"swiper-slide\" role=\"group\" aria-roledescription=\"slide\" aria-label=\"1 von 6\"><figure class=\"swiper-slide-inner\"><img decoding=\"async\" class=\"swiper-slide-image\" src=\"https:\/\/hoffmann-xpress.de\/wp-content\/uploads\/2023\/11\/Audi.png\" alt=\"Audi\" \/><\/figure><\/div><div class=\"swiper-slide\" role=\"group\" aria-roledescription=\"slide\" aria-label=\"2 von 6\"><figure class=\"swiper-slide-inner\"><img decoding=\"async\" class=\"swiper-slide-image\" src=\"https:\/\/hoffmann-xpress.de\/wp-content\/uploads\/2023\/11\/Nespresso.png\" alt=\"Nespresso\" \/><\/figure><\/div><div class=\"swiper-slide\" role=\"group\" aria-roledescription=\"slide\" aria-label=\"3 von 6\"><figure class=\"swiper-slide-inner\"><img decoding=\"async\" class=\"swiper-slide-image\" src=\"https:\/\/hoffmann-xpress.de\/wp-content\/uploads\/2023\/11\/Bosch.png\" alt=\"Bosch\" \/><\/figure><\/div><div class=\"swiper-slide\" role=\"group\" aria-roledescription=\"slide\" aria-label=\"4 von 6\"><figure class=\"swiper-slide-inner\"><img decoding=\"async\" class=\"swiper-slide-image\" src=\"https:\/\/hoffmann-xpress.de\/wp-content\/uploads\/2023\/11\/RB_Leipzig.png\" alt=\"RB_Leipzig\" \/><\/figure><\/div><div class=\"swiper-slide\" role=\"group\" aria-roledescription=\"slide\" aria-label=\"5 von 6\"><figure class=\"swiper-slide-inner\"><img decoding=\"async\" class=\"swiper-slide-image\" src=\"https:\/\/hoffmann-xpress.de\/wp-content\/uploads\/2023\/11\/MAN-1.png\" alt=\"MAN\" \/><\/figure><\/div><div class=\"swiper-slide\" role=\"group\" aria-roledescription=\"slide\" aria-label=\"6 von 6\"><figure class=\"swiper-slide-inner\"><img decoding=\"async\" class=\"swiper-slide-image\" src=\"https:\/\/hoffmann-xpress.de\/wp-content\/uploads\/2023\/11\/Magna-1.png\" alt=\"Magna\" \/><\/figure><\/div>\t\t\t<\/div>\n\t\t\t\t\t\t\t\n\t\t\t\t\t\t\t\t\t<\/div>\n\t\t\t\t\t\t<\/div>\n\t\t\t\t<\/div>\n\t\t\t\t\t<\/div>\n\t\t\t\t<\/div>\n\t\t<div class=\"elementor-element elementor-element-f45195b e-flex e-con-boxed e-con e-parent\" data-id=\"f45195b\" data-element_type=\"container\">\n\t\t\t\t\t<div class=\"e-con-inner\">\n\t\t\t\t<div class=\"elementor-element elementor-element-312ba0a elementor-widget elementor-widget-text-editor\" data-id=\"312ba0a\" data-element_type=\"widget\" data-widget_type=\"text-editor.default\">\n\t\t\t\t<div class=\"elementor-widget-container\">\n\t\t\t\t\t\t\t\t\t<h3>Warum Hoffmann Xpress GmbH f\u00fcr Transporte in die Ukraine?<\/h3><p>Es gibt viele Gr\u00fcnde, warum die Hoffmann Xpress GmbH Ihr bevorzugter Partner f\u00fcr Speditionsdienstleistungen in die Ukraine sein sollte:<\/p><ol><li><p><strong>Erfahrung und Expertise<\/strong>: Wir verf\u00fcgen \u00fcber jahrzehntelange Erfahrung im internationalen Transportgesch\u00e4ft. Unser Team kennt die spezifischen Anforderungen und Herausforderungen des ukrainischen Marktes genau und wei\u00df, wie man sie meistert.<\/p><\/li><li><p><strong>Zuverl\u00e4ssigkeit und Sicherheit<\/strong>: Sicherheit hat f\u00fcr uns oberste Priorit\u00e4t. Wir setzen modernste Technologien und Sicherheitsstandards ein, um sicherzustellen, dass Ihre Waren sicher und unversehrt ihr Ziel erreichen.<\/p><\/li><li><p><strong>Flexibilit\u00e4t und Kundenn\u00e4he<\/strong>: Wir verstehen, dass jeder Kunde einzigartige Anforderungen hat. Deshalb bieten wir ma\u00dfgeschneiderte L\u00f6sungen, die genau auf Ihre Bed\u00fcrfnisse zugeschnitten sind. Unser engagiertes Team steht Ihnen jederzeit zur Verf\u00fcgung, um Ihre Fragen zu beantworten und sicherzustellen, dass der Transportprozess reibungslos verl\u00e4uft.<\/p><\/li><li><p><strong>Effizienz und Kostenkontrolle<\/strong>: Durch optimierte Prozesse und starke Partnerschaften k\u00f6nnen wir Ihnen effiziente und kosteng\u00fcnstige Speditionsl\u00f6sungen bieten. Wir helfen Ihnen, Ihre Logistikkosten zu senken, ohne dabei Kompromisse bei der Qualit\u00e4t einzugehen.<\/p><\/li><\/ol><p>\u00a0<\/p><h3>Herausforderungen im Transport nach und innerhalb der Ukraine<\/h3><p>Der Transport von Waren in die Ukraine ist mit einigen Herausforderungen verbunden, insbesondere in Zeiten politischer und wirtschaftlicher Unsicherheiten. Dazu geh\u00f6ren:<\/p><ul><li><p><strong>Zoll- und Einfuhrbestimmungen<\/strong>: Die Ukraine hat spezifische Vorschriften und Bestimmungen f\u00fcr den Import von Waren. Unser Team ist stets auf dem neuesten Stand und sorgt daf\u00fcr, dass alle Vorschriften eingehalten werden, um Verz\u00f6gerungen und zus\u00e4tzliche Kosten zu vermeiden.<\/p><\/li><li><p><strong>Infrastruktur<\/strong>: Die Infrastruktur in der Ukraine ist im Aufbau begriffen und variiert stark zwischen den Regionen. Wir nutzen unser umfassendes Netzwerk und unsere lokale Expertise, um die besten Transportwege zu identifizieren und Engp\u00e4sse zu vermeiden.<\/p><\/li><li><p><strong>Sicherheitsaspekte<\/strong>: Besonders in Krisenzeiten sind Sicherheitsaspekte von gr\u00f6\u00dfter Bedeutung. Wir arbeiten eng mit lokalen Partnern und Beh\u00f6rden zusammen, um die Sicherheit Ihrer Waren w\u00e4hrend des gesamten Transportprozesses zu gew\u00e4hrleisten.<\/p><\/li><\/ul><p>\u00a0<\/p><h3>Zukunftsorientierte Logistikl\u00f6sungen<\/h3><p>Die Ukraine bleibt ein Schl\u00fcsselmarkt mit gro\u00dfem Potenzial. Die Hoffmann Xpress GmbH ist bestrebt, ihre Dienstleistungen kontinuierlich weiterzuentwickeln und an die sich \u00e4ndernden Marktbedingungen anzupassen. Wir investieren in moderne Technologien, um unsere Prozesse zu optimieren und Ihnen noch effizientere und umweltfreundlichere Transportl\u00f6sungen anzubieten.<\/p><h3>\u00a0<\/h3><h3>Fazit<\/h3><p>Die Hoffmann Xpress GmbH bietet Ihnen zuverl\u00e4ssige, flexible und sichere Speditionsl\u00f6sungen f\u00fcr den Warenverkehr in die Ukraine. Mit unserer langj\u00e4hrigen Erfahrung und unserem engagierten Team stehen wir Ihnen als starker Partner zur Seite, der Ihre Logistikbed\u00fcrfnisse versteht und ma\u00dfgeschneiderte L\u00f6sungen entwickelt. Vertrauen Sie auf unsere Expertise und lassen Sie uns gemeinsam den Erfolg Ihrer Gesch\u00e4ftst\u00e4tigkeit in der Ukraine sicherstellen.<\/p><p>Kontaktieren Sie uns noch heute, um mehr \u00fcber unsere Dienstleistungen zu erfahren und wie wir Ihnen helfen k\u00f6nnen, Ihre Waren sicher und effizient in die Ukraine zu transportieren.<\/p>\t\t\t\t\t\t\t\t<\/div>\n\t\t\t\t<\/div>\n\t\t\t\t\t<\/div>\n\t\t\t\t<\/div>\n\t\t<div class=\"elementor-element elementor-element-b4e45d3 e-flex e-con-boxed e-con e-parent\" data-id=\"b4e45d3\" data-element_type=\"container\">\n\t\t\t\t\t<div class=\"e-con-inner\">\n\t\t\t\t<div class=\"elementor-element elementor-element-a9d506e elementor-widget elementor-widget-button\" data-id=\"a9d506e\" data-element_type=\"widget\" data-widget_type=\"button.default\">\n\t\t\t\t<div class=\"elementor-widget-container\">\n\t\t\t\t\t\t\t\t\t<div class=\"elementor-button-wrapper\">\n\t\t\t\t\t<a class=\"elementor-button elementor-button-link elementor-size-lg elementor-animation-grow\" href=\"#\">\n\t\t\t\t\t\t<span class=\"elementor-button-content-wrapper\">\n\t\t\t\t\t\t\t\t\t<span class=\"elementor-button-text\">ONLINE PREIS KALKULIEREN UND BUCHEN<\/span>\n\t\t\t\t\t<\/span>\n\t\t\t\t\t<\/a>\n\t\t\t\t<\/div>\n\t\t\t\t\t\t\t\t<\/div>\n\t\t\t\t<\/div>\n\t\t\t\t\t<\/div>\n\t\t\t\t<\/div>\n\t\t<div class=\"elementor-element elementor-element-fd752b6 e-flex e-con-boxed e-con e-parent\" data-id=\"fd752b6\" data-element_type=\"container\">\n\t\t\t\t\t<div class=\"e-con-inner\">\n\t\t\t\t<div class=\"elementor-element elementor-element-ab0e153 elementor-widget elementor-widget-image\" data-id=\"ab0e153\" data-element_type=\"widget\" data-widget_type=\"image.default\">\n\t\t\t\t<div class=\"elementor-widget-container\">\n\t\t\t\t\t\t\t\t\t\t\t\t\t\t\t<img fetchpriority=\"high\" decoding=\"async\" width=\"768\" height=\"432\" src=\"https:\/\/hoffmann-xpress.de\/wp-content\/uploads\/2024\/08\/aerial-view-to-the-motherland-statue-in-the-kiev-w-2023-11-27-04-50-27-utc-768x432.jpg\" class=\"attachment-medium_large size-medium_large wp-image-23740\" alt=\"Aerial view to the Motherland statue in the Kiev while summer s\" srcset=\"https:\/\/hoffmann-xpress.de\/wp-content\/uploads\/2024\/08\/aerial-view-to-the-motherland-statue-in-the-kiev-w-2023-11-27-04-50-27-utc-768x432.jpg 768w, https:\/\/hoffmann-xpress.de\/wp-content\/uploads\/2024\/08\/aerial-view-to-the-motherland-statue-in-the-kiev-w-2023-11-27-04-50-27-utc-300x169.jpg 300w, https:\/\/hoffmann-xpress.de\/wp-content\/uploads\/2024\/08\/aerial-view-to-the-motherland-statue-in-the-kiev-w-2023-11-27-04-50-27-utc-1024x575.jpg 1024w, https:\/\/hoffmann-xpress.de\/wp-content\/uploads\/2024\/08\/aerial-view-to-the-motherland-statue-in-the-kiev-w-2023-11-27-04-50-27-utc-1536x863.jpg 1536w, https:\/\/hoffmann-xpress.de\/wp-content\/uploads\/2024\/08\/aerial-view-to-the-motherland-statue-in-the-kiev-w-2023-11-27-04-50-27-utc-2048x1151.jpg 2048w, https:\/\/hoffmann-xpress.de\/wp-content\/uploads\/2024\/08\/aerial-view-to-the-motherland-statue-in-the-kiev-w-2023-11-27-04-50-27-utc-18x10.jpg 18w, https:\/\/hoffmann-xpress.de\/wp-content\/uploads\/2024\/08\/aerial-view-to-the-motherland-statue-in-the-kiev-w-2023-11-27-04-50-27-utc-460x258.jpg 460w, https:\/\/hoffmann-xpress.de\/wp-content\/uploads\/2024\/08\/aerial-view-to-the-motherland-statue-in-the-kiev-w-2023-11-27-04-50-27-utc-800x449.jpg 800w, https:\/\/hoffmann-xpress.de\/wp-content\/uploads\/2024\/08\/aerial-view-to-the-motherland-statue-in-the-kiev-w-2023-11-27-04-50-27-utc-600x337.jpg 600w\" sizes=\"(max-width: 768px) 100vw, 768px\" \/>\t\t\t\t\t\t\t\t\t\t\t\t\t\t\t<\/div>\n\t\t\t\t<\/div>\n\t\t\t\t\t<\/div>\n\t\t\t\t<\/div>\n\t\t<div class=\"elementor-element elementor-element-06cc29c e-flex e-con-boxed e-con e-parent\" data-id=\"06cc29c\" data-element_type=\"container\" data-settings=\"{&quot;background_background&quot;:&quot;classic&quot;}\">\n\t\t\t\t\t<div class=\"e-con-inner\">\n\t\t<div class=\"elementor-element elementor-element-7ce1315 e-con-full e-flex e-con e-child\" data-id=\"7ce1315\" data-element_type=\"container\">\n\t\t\t\t<div class=\"elementor-element elementor-element-6eda702 elementor-widget elementor-widget-image\" data-id=\"6eda702\" data-element_type=\"widget\" data-widget_type=\"image.default\">\n\t\t\t\t<div class=\"elementor-widget-container\">\n\t\t\t\t\t\t\t\t\t\t\t\t\t\t\t<img decoding=\"async\" width=\"300\" height=\"162\" src=\"https:\/\/hoffmann-xpress.de\/wp-content\/uploads\/2023\/11\/Gothaer-Logo.png\" class=\"attachment-large size-large wp-image-207\" alt=\"Gothaer Logo\" \/>\t\t\t\t\t\t\t\t\t\t\t\t\t\t\t<\/div>\n\t\t\t\t<\/div>\n\t\t\t\t<\/div>\n\t\t<div class=\"elementor-element elementor-element-231fc66 e-con-full e-flex e-con e-child\" data-id=\"231fc66\" data-element_type=\"container\">\n\t\t\t\t<div class=\"elementor-element elementor-element-999d9ba elementor-widget elementor-widget-heading\" data-id=\"999d9ba\" data-element_type=\"widget\" data-widget_type=\"heading.default\">\n\t\t\t\t<div class=\"elementor-widget-container\">\n\t\t\t\t\t<h1 class=\"elementor-heading-title elementor-size-default\">Ihr Transport ist versichert<\/h1>\t\t\t\t<\/div>\n\t\t\t\t<\/div>\n\t\t\t\t<div class=\"elementor-element elementor-element-6d599da elementor-widget elementor-widget-text-editor\" data-id=\"6d599da\" data-element_type=\"widget\" data-widget_type=\"text-editor.default\">\n\t\t\t\t<div class=\"elementor-widget-container\">\n\t\t\t\t\t\t\t\t\t<p>Jede Sendung ist f\u00fcr jeweils bis zu 8,33 SZR\/kg Rohgewicht versichert. Dies entspricht etwa 10,- EUR\/kg Rohgewicht. Je nach Schadensfall sind bei einer Direktfahrt bis zu 2.500.000 EUR abgedeckt. Bei h\u00f6herwertigen Transportg\u00fctern sind wir in der Lage, innerhalb kurzer Zeit eine entsprechende Zusatzversicherung abzuschlie\u00dfen.<\/p>\t\t\t\t\t\t\t\t<\/div>\n\t\t\t\t<\/div>\n\t\t\t\t<\/div>\n\t\t\t\t\t<\/div>\n\t\t\t\t<\/div>\n\t\t\t\t<\/div>","protected":false},"excerpt":{"rendered":"<p>Hoffmann Xpress GmbH: Zuverl\u00e4ssige Spedition in die Ukraine Die Hoffmann Xpress GmbH steht seit Jahren f\u00fcr exzellente Logistikdienstleistungen und ma\u00dfgeschneiderte L\u00f6sungen im internationalen G\u00fcterverkehr. In einem globalisierten Markt, in dem Verbindungen und Handelsbeziehungen \u00fcber L\u00e4ndergrenzen hinweg von entscheidender Bedeutung sind, haben wir uns als verl\u00e4sslicher Partner f\u00fcr den Transport von Waren etabliert. Besonders stolz sind [&hellip;]<\/p>","protected":false},"author":1,"featured_media":0,"parent":0,"menu_order":0,"comment_status":"closed","ping_status":"closed","template":"","meta":{"footnotes":""},"class_list":["post-23733","page","type-page","status-publish","hentry"],"_links":{"self":[{"href":"https:\/\/hoffmann-xpress.de\/en\/wp-json\/wp\/v2\/pages\/23733","targetHints":{"allow":["GET"]}}],"collection":[{"href":"https:\/\/hoffmann-xpress.de\/en\/wp-json\/wp\/v2\/pages"}],"about":[{"href":"https:\/\/hoffmann-xpress.de\/en\/wp-json\/wp\/v2\/types\/page"}],"author":[{"embeddable":true,"href":"https:\/\/hoffmann-xpress.de\/en\/wp-json\/wp\/v2\/users\/1"}],"replies":[{"embeddable":true,"href":"https:\/\/hoffmann-xpress.de\/en\/wp-json\/wp\/v2\/comments?post=23733"}],"version-history":[{"count":12,"href":"https:\/\/hoffmann-xpress.de\/en\/wp-json\/wp\/v2\/pages\/23733\/revisions"}],"predecessor-version":[{"id":23746,"href":"https:\/\/hoffmann-xpress.de\/en\/wp-json\/wp\/v2\/pages\/23733\/revisions\/23746"}],"wp:attachment":[{"href":"https:\/\/hoffmann-xpress.de\/en\/wp-json\/wp\/v2\/media?parent=23733"}],"curies":[{"name":"wp","href":"https:\/\/api.w.org\/{rel}","templated":true}]}}